{"id":1019,"date":"2025-06-21T14:52:23","date_gmt":"2025-06-21T14:52:23","guid":{"rendered":"https:\/\/araminta-advisers.eu\/lass-uns-ueber-loesungen-sprechen\/"},"modified":"2025-12-10T00:20:42","modified_gmt":"2025-12-10T00:20:42","slug":"lass-uns-ueber-loesungen-sprechen","status":"publish","type":"page","link":"https:\/\/araminta-advisers.eu\/de\/lass-uns-ueber-loesungen-sprechen\/","title":{"rendered":"L\u00f6sungen"},"content":{"rendered":"\n<p><strong>Lasst uns \u00fcber L\u00f6sungen sprechen<\/strong><\/p>\n\n\n\n<p>Bei Araminta setzen wir uns f\u00fcr Menschenrechtsverteidiger*innen (MRV) und zivilgesellschaftliche Organisationen ein. Unser Fokus liegt auf praktischer Schutzarbeit, schneller Hilfe und nachhaltigen Strategien \u2013 weltweit.<\/p>\n\n\n\n<h2 class=\"wp-block-heading\">Was wir tun<\/h2>\n\n\n\n<div class=\"wp-block-group\"><div class=\"wp-block-group__inner-container is-layout-constrained wp-block-group-is-layout-constrained\">\n<div class=\"wp-block-columns m-0 is-layout-flex wp-container-core-columns-is-layout-9d6595d7 wp-block-columns-is-layout-flex\">\n<div class=\"wp-block-column is-layout-flow wp-block-column-is-layout-flow\">\n<h2 class=\"wp-block-heading\">Notfallhilfe &amp; Schutz<\/h2>\n\n\n\n<p><strong>F\u00fcr eine st\u00e4rkere und schnellere europ\u00e4ische Schutzstruktur.<\/strong><\/p>\n\n\n\n<p>Wir vernetzen Expert*innen f\u00fcr Notfallverlegungen in ganz Europa. So entsteht ein horizontales Netzwerk f\u00fcr schnelles Handeln, Wissensaustausch und gegenseitige Unterst\u00fctzung.<\/p>\n\n\n\n<p><strong>Denn Schutz darf nicht an Grenzen haltmachen.<\/strong><\/p>\n\n\n\n<p>Wir setzen uns auf EU-Ebene f\u00fcr Visa-Erleichterungen, Mobilit\u00e4tsrechte und langfristige Schutzmechanismen ein, damit MRV trotz autorit\u00e4rer Einschr\u00e4nkungen weiterarbeiten k\u00f6nnen.<\/p>\n<\/div>\n\n\n\n<div class=\"wp-block-column is-layout-flow wp-block-column-is-layout-flow\">\n<h2 class=\"wp-block-heading\">Unterst\u00fctzung f\u00fcr Mobilit\u00e4t im Exil und unter Gefahr<\/h2>\n\n\n\n<p>Verwaltungs- &amp; Finanzdienstleistungen, damit Menschenrechtsverteidiger*innen handlungsf\u00e4hig bleiben \u2013 auch im Exil.<\/p>\n\n\n\n<p>Wir bieten finanzielle Tr\u00e4gerschaft und administrative Unterst\u00fctzung f\u00fcr zivilgesellschaftliche Gruppen, die aufgel\u00f6st oder vertrieben wurden. Allein 2022 haben wir \u00fcber <strong> <\/strong>700.000\u202f\u20ac im Auftrag unserer Partner verwaltet.<\/p>\n<\/div>\n<\/div>\n\n\n\n<div class=\"wp-block-columns is-layout-flex wp-container-core-columns-is-layout-9d6595d7 wp-block-columns-is-layout-flex\">\n<div class=\"wp-block-column is-layout-flow wp-block-column-is-layout-flow\">\n<hr class=\"wp-block-separator has-alpha-channel-opacity\"\/>\n\n\n\n<h2 class=\"wp-block-heading\">Demokratie f\u00f6rdern &amp; zivilgesellschaftlichen Raum st\u00e4rken<\/h2>\n\n\n\n<p><strong>Wir unterst\u00fctzen Bedingungen, in denen Zivilgesellschaft wachsen kann.<\/strong><\/p>\n\n\n\n<p>Gemeinsam mit lokalen Akteur*innen erweitern wir sicheren Handlungsspielraum und f\u00f6rdern demokratische Teilhabe.<\/p>\n\n\n\n<p><strong>Community-Resilienz &amp; Engagement bedeutet lokale Partner und globale Wirkung.<\/strong><\/p>\n\n\n\n<p>Wir st\u00e4rken Gemeinschaften, bauen Netzwerke auf und unterst\u00fctzen Projekte, die langfristige demokratische Resilienz f\u00f6rdern.<\/p>\n<\/div>\n\n\n\n<div class=\"wp-block-column is-layout-flow wp-block-column-is-layout-flow\">\n<hr class=\"wp-block-separator has-alpha-channel-opacity\"\/>\n\n\n\n<h2 class=\"wp-block-heading\">Digitale Sicherheit<\/h2>\n\n\n\n<p><strong>Cybersicherheit durch Tools und praxisnahe Beratung.<\/strong><\/p>\n\n\n\n<p>Wir helfen MRV, ihre Kommunikation abzusichern, digitale Risiken einzusch\u00e4tzen und technische Sicherheit zu verbessern.<\/p>\n\n\n\n<p><strong>Sicher unterwegs in digitalen R\u00e4umen.<\/strong><\/p>\n\n\n\n<p>Ob verschl\u00fcsselte Kommunikation oder Plattform-spezifische Schutzma\u00dfnahmen \u2013 wir geben konkrete Tipps f\u00fcr einen sicheren digitalen Auftritt.<\/p>\n<\/div>\n<\/div>\n\n\n\n<div class=\"wp-block-columns is-layout-flex wp-container-core-columns-is-layout-9d6595d7 wp-block-columns-is-layout-flex\">\n<div class=\"wp-block-column is-layout-flow wp-block-column-is-layout-flow\">\n<hr class=\"wp-block-separator has-alpha-channel-opacity\"\/>\n\n\n\n<h2 class=\"wp-block-heading\">Recherche &amp; Transparenz<\/h2>\n\n\n\n<p>Dokumentation &amp; Beweisf\u00fchrung, um Menschenrechtsverletzungen sichtbar und verfolgbar zu machen.<\/p>\n\n\n\n<p>Wir unterst\u00fctzen unsere Partner bei der Beweissicherung, der Erstellung glaubw\u00fcrdiger Berichte und der fr\u00fchzeitigen Erkennung von Gef\u00e4hrdungen.<\/p>\n\n\n\n<p><strong>Unterst\u00fctzung f\u00fcr Gerechtigkeit &amp; Verantwortlichkeit<\/strong><\/p>\n\n\n\n<p>Wir helfen bei der Erstellung faktenbasierter Berichte und der Verbindung zu Mechanismen, die rechtliche Schritte und Konsequenzen erm\u00f6glichen.<\/p>\n<\/div>\n\n\n\n<div class=\"wp-block-column is-layout-flow wp-block-column-is-layout-flow\">\n<hr class=\"wp-block-separator has-alpha-channel-opacity\"\/>\n\n\n\n<h2 class=\"wp-block-heading\">Training &amp; Kompetenzaufbau<\/h2>\n\n\n\n<p>Kompetenzen f\u00fcr sicheren, wirksamen Aktivismus \u2013 durch Trainings, die reale Risiken adressieren.<\/p>\n\n\n\n<p>Wir bieten praxisnahe Schulungen zu Schutzkonzepten, digitaler Sicherheit, Krisenreaktion und Advocacy \u2013 f\u00fcr Menschenrechtsverteidigerinnen, Journalistinnen, Jurist*innen und zivilgesellschaftliche Gruppen.<\/p>\n<\/div>\n<\/div>\n<\/div><\/div>\n\n\n\n<div style=\"height:40px\" aria-hidden=\"true\" class=\"wp-block-spacer\"><\/div>\n\n\n\n<h1 class=\"wp-block-heading has-text-align-center orange-cta\">Papers<\/h1>\n\n\n\n<div class=\"wp-block-group\"><div class=\"wp-block-group__inner-container is-layout-constrained wp-block-group-is-layout-constrained\">\n<p class=\"case-studies\">Tauche tiefer in die Themen ein \u2013 hier findest du Publikationen, auf die wir besonders stolz sind. Unsere Erfolgsgeschichten schreiben wir gemeinsam mit unserem Team und und unseren Partnern \u2013 vielleicht bald auch mit dir.  <\/p>\n\n\n\n<p><em><strong>Download: <a href=\"#\">Building Safe Advocacy Environments<\/a> \u2013 Araminta White Paper (PDF)<\/strong><\/em><br>Sichere Advocacy ist heute wichtiger denn je. Dieses White Paper bietet praxisnahe Impulse f\u00fcr den Einstieg. <\/p>\n\n\n\n<p><em><strong>Erfolgsgeschchte: <a href=\"#\">Safeguarding Civil Society in Kyrgyzstan<\/a><\/strong><\/em><br>In einem der instabilsten L\u00e4nder Zentralasiens haben wir gemeinsam mit lokalen Partner*innen sichere Handlungsspielr\u00e4ume geschaffen \u2013 ein wichtiger Schritt f\u00fcr ein sicheres Leben. <\/p>\n<\/div><\/div>\n\n\n\n<h1 class=\"wp-block-heading\">Initiativen &amp; Angebote<\/h1>\n\n\n\n<div class=\"wp-block-group\"><div class=\"wp-block-group__inner-container is-layout-constrained wp-block-group-is-layout-constrained\">\n<div class=\"wp-block-columns m-0 is-layout-flex wp-container-core-columns-is-layout-9d6595d7 wp-block-columns-is-layout-flex\">\n<div class=\"wp-block-column is-layout-flow wp-block-column-is-layout-flow\">\n<h3 class=\"wp-block-heading has-text-align-center\">Fellowship-Proramm<\/h3>\n\n\n\n<p class=\"has-text-align-center\">Individuell zugeschnittene Schutzma\u00dfnahmen, Mentoring und Ressourcen f\u00fcr Menschenrechtsverteidiger*innen unter Bedrohung.<\/p>\n<\/div>\n\n\n\n<div class=\"wp-block-column is-layout-flow wp-block-column-is-layout-flow\">\n<h3 class=\"wp-block-heading has-text-align-center\">Workshops<\/h3>\n\n\n\n<p class=\"has-text-align-center\"><strong><a href=\"https:\/\/araminta-advisers.eu\/call-for-participants\/\" target=\"_blank\" rel=\"noreferrer noopener\">Training and Funded Research Opportunity on Business and Human Rights<\/a><\/strong><br>Ein Pilotprojekt von Araminta und Rights CoLab f\u00fcr russische Menschenrechtsverteidiger*innen im Exil, mit Fokus auf unternehmerische Verantwortung und Menschenrechte.<\/p>\n<\/div>\n<\/div>\n<\/div><\/div>\n\n\n\n<div style=\"height:40px\" aria-hidden=\"true\" class=\"wp-block-spacer\"><\/div>\n\n\n\n<h2 class=\"wp-block-heading has-text-align-center footer-cta\">Es gibt keine Patentl\u00f6sung f\u00fcr alle Herausforderungen. Aber gemeinsam k\u00f6nnen wir die sch\u00fctzen, die sich f\u00fcr Menschenrechte einsetzen. <a href=\"https:\/\/araminta-advisers.eu\/de\/melde-dich-bei-uns\/\" target=\"_blank\" rel=\"noreferrer noopener\">Melde dich bei uns<\/a> \u2013 wir freuen uns auf Austausch und Zusammenarbeit.<\/h2>\n\n\n\n<p><\/p>\n","protected":false},"excerpt":{"rendered":"<p>Lasst uns \u00fcber L\u00f6sungen sprechen Bei Araminta setzen wir uns f\u00fcr Menschenrechtsverteidiger*innen (MRV) und zivilgesellschaftliche Organisationen ein. Unser Fokus liegt&#8230;<\/p>\n<a href=\"https:\/\/araminta-advisers.eu\/de\/lass-uns-ueber-loesungen-sprechen\/\" class=\"btn btn-primary\">Read More<\/a>","protected":false},"author":1,"featured_media":0,"parent":0,"menu_order":0,"comment_status":"closed","ping_status":"closed","template":"","meta":{"footnotes":""},"class_list":["post-1019","page","type-page","status-publish","hentry"],"acf":[],"yoast_head":"<!-- This site is optimized with the Yoast SEO plugin v27.3 - https:\/\/yoast.com\/product\/yoast-seo-wordpress\/ -->\n<title>L\u00f6sungen - Araminta<\/title>\n<meta name=\"robots\" content=\"index, follow, max-snippet:-1, max-image-preview:large, max-video-preview:-1\" \/>\n<link rel=\"canonical\" href=\"https:\/\/araminta-advisers.eu\/de\/lass-uns-ueber-loesungen-sprechen\/\" \/>\n<meta property=\"og:locale\" content=\"de_DE\" \/>\n<meta property=\"og:type\" content=\"article\" \/>\n<meta property=\"og:title\" content=\"L\u00f6sungen - Araminta\" \/>\n<meta property=\"og:description\" content=\"Lasst uns \u00fcber L\u00f6sungen sprechen Bei Araminta setzen wir uns f\u00fcr Menschenrechtsverteidiger*innen (MRV) und zivilgesellschaftliche Organisationen ein. Unser Fokus liegt...\" \/>\n<meta property=\"og:url\" content=\"https:\/\/araminta-advisers.eu\/de\/lass-uns-ueber-loesungen-sprechen\/\" \/>\n<meta property=\"og:site_name\" content=\"Araminta\" \/>\n<meta property=\"article:modified_time\" content=\"2025-12-10T00:20:42+00:00\" \/>\n<meta name=\"twitter:card\" content=\"summary_large_image\" \/>\n<meta name=\"twitter:label1\" content=\"Gesch\u00e4tzte Lesezeit\" \/>\n\t<meta name=\"twitter:data1\" content=\"3\u00a0Minuten\" \/>\n<script type=\"application\/ld+json\" class=\"yoast-schema-graph\">{\"@context\":\"https:\\\/\\\/schema.org\",\"@graph\":[{\"@type\":\"WebPage\",\"@id\":\"https:\\\/\\\/araminta-advisers.eu\\\/de\\\/lass-uns-ueber-loesungen-sprechen\\\/\",\"url\":\"https:\\\/\\\/araminta-advisers.eu\\\/de\\\/lass-uns-ueber-loesungen-sprechen\\\/\",\"name\":\"L\u00f6sungen - Araminta\",\"isPartOf\":{\"@id\":\"https:\\\/\\\/araminta-advisers.eu\\\/de\\\/#website\"},\"datePublished\":\"2025-06-21T14:52:23+00:00\",\"dateModified\":\"2025-12-10T00:20:42+00:00\",\"breadcrumb\":{\"@id\":\"https:\\\/\\\/araminta-advisers.eu\\\/de\\\/lass-uns-ueber-loesungen-sprechen\\\/#breadcrumb\"},\"inLanguage\":\"de\",\"potentialAction\":[{\"@type\":\"ReadAction\",\"target\":[\"https:\\\/\\\/araminta-advisers.eu\\\/de\\\/lass-uns-ueber-loesungen-sprechen\\\/\"]}]},{\"@type\":\"BreadcrumbList\",\"@id\":\"https:\\\/\\\/araminta-advisers.eu\\\/de\\\/lass-uns-ueber-loesungen-sprechen\\\/#breadcrumb\",\"itemListElement\":[{\"@type\":\"ListItem\",\"position\":1,\"name\":\"Home\",\"item\":\"https:\\\/\\\/araminta-advisers.eu\\\/de\\\/\"},{\"@type\":\"ListItem\",\"position\":2,\"name\":\"L\u00f6sungen\"}]},{\"@type\":\"WebSite\",\"@id\":\"https:\\\/\\\/araminta-advisers.eu\\\/de\\\/#website\",\"url\":\"https:\\\/\\\/araminta-advisers.eu\\\/de\\\/\",\"name\":\"Araminta\",\"description\":\"\",\"publisher\":{\"@id\":\"https:\\\/\\\/araminta-advisers.eu\\\/de\\\/#organization\"},\"potentialAction\":[{\"@type\":\"SearchAction\",\"target\":{\"@type\":\"EntryPoint\",\"urlTemplate\":\"https:\\\/\\\/araminta-advisers.eu\\\/de\\\/?s={search_term_string}\"},\"query-input\":{\"@type\":\"PropertyValueSpecification\",\"valueRequired\":true,\"valueName\":\"search_term_string\"}}],\"inLanguage\":\"de\"},{\"@type\":\"Organization\",\"@id\":\"https:\\\/\\\/araminta-advisers.eu\\\/de\\\/#organization\",\"name\":\"Araminta\",\"url\":\"https:\\\/\\\/araminta-advisers.eu\\\/de\\\/\",\"logo\":{\"@type\":\"ImageObject\",\"inLanguage\":\"de\",\"@id\":\"https:\\\/\\\/araminta-advisers.eu\\\/de\\\/#\\\/schema\\\/logo\\\/image\\\/\",\"url\":\"https:\\\/\\\/araminta-advisers.eu\\\/wp-content\\\/uploads\\\/2025\\\/04\\\/araminta-logo-green.png\",\"contentUrl\":\"https:\\\/\\\/araminta-advisers.eu\\\/wp-content\\\/uploads\\\/2025\\\/04\\\/araminta-logo-green.png\",\"width\":1171,\"height\":283,\"caption\":\"Araminta\"},\"image\":{\"@id\":\"https:\\\/\\\/araminta-advisers.eu\\\/de\\\/#\\\/schema\\\/logo\\\/image\\\/\"}}]}<\/script>\n<!-- \/ Yoast SEO plugin. -->","yoast_head_json":{"title":"L\u00f6sungen - Araminta","robots":{"index":"index","follow":"follow","max-snippet":"max-snippet:-1","max-image-preview":"max-image-preview:large","max-video-preview":"max-video-preview:-1"},"canonical":"https:\/\/araminta-advisers.eu\/de\/lass-uns-ueber-loesungen-sprechen\/","og_locale":"de_DE","og_type":"article","og_title":"L\u00f6sungen - Araminta","og_description":"Lasst uns \u00fcber L\u00f6sungen sprechen Bei Araminta setzen wir uns f\u00fcr Menschenrechtsverteidiger*innen (MRV) und zivilgesellschaftliche Organisationen ein. Unser Fokus liegt...","og_url":"https:\/\/araminta-advisers.eu\/de\/lass-uns-ueber-loesungen-sprechen\/","og_site_name":"Araminta","article_modified_time":"2025-12-10T00:20:42+00:00","twitter_card":"summary_large_image","twitter_misc":{"Gesch\u00e4tzte Lesezeit":"3\u00a0Minuten"},"schema":{"@context":"https:\/\/schema.org","@graph":[{"@type":"WebPage","@id":"https:\/\/araminta-advisers.eu\/de\/lass-uns-ueber-loesungen-sprechen\/","url":"https:\/\/araminta-advisers.eu\/de\/lass-uns-ueber-loesungen-sprechen\/","name":"L\u00f6sungen - Araminta","isPartOf":{"@id":"https:\/\/araminta-advisers.eu\/de\/#website"},"datePublished":"2025-06-21T14:52:23+00:00","dateModified":"2025-12-10T00:20:42+00:00","breadcrumb":{"@id":"https:\/\/araminta-advisers.eu\/de\/lass-uns-ueber-loesungen-sprechen\/#breadcrumb"},"inLanguage":"de","potentialAction":[{"@type":"ReadAction","target":["https:\/\/araminta-advisers.eu\/de\/lass-uns-ueber-loesungen-sprechen\/"]}]},{"@type":"BreadcrumbList","@id":"https:\/\/araminta-advisers.eu\/de\/lass-uns-ueber-loesungen-sprechen\/#breadcrumb","itemListElement":[{"@type":"ListItem","position":1,"name":"Home","item":"https:\/\/araminta-advisers.eu\/de\/"},{"@type":"ListItem","position":2,"name":"L\u00f6sungen"}]},{"@type":"WebSite","@id":"https:\/\/araminta-advisers.eu\/de\/#website","url":"https:\/\/araminta-advisers.eu\/de\/","name":"Araminta","description":"","publisher":{"@id":"https:\/\/araminta-advisers.eu\/de\/#organization"},"potentialAction":[{"@type":"SearchAction","target":{"@type":"EntryPoint","urlTemplate":"https:\/\/araminta-advisers.eu\/de\/?s={search_term_string}"},"query-input":{"@type":"PropertyValueSpecification","valueRequired":true,"valueName":"search_term_string"}}],"inLanguage":"de"},{"@type":"Organization","@id":"https:\/\/araminta-advisers.eu\/de\/#organization","name":"Araminta","url":"https:\/\/araminta-advisers.eu\/de\/","logo":{"@type":"ImageObject","inLanguage":"de","@id":"https:\/\/araminta-advisers.eu\/de\/#\/schema\/logo\/image\/","url":"https:\/\/araminta-advisers.eu\/wp-content\/uploads\/2025\/04\/araminta-logo-green.png","contentUrl":"https:\/\/araminta-advisers.eu\/wp-content\/uploads\/2025\/04\/araminta-logo-green.png","width":1171,"height":283,"caption":"Araminta"},"image":{"@id":"https:\/\/araminta-advisers.eu\/de\/#\/schema\/logo\/image\/"}}]}},"_links":{"self":[{"href":"https:\/\/araminta-advisers.eu\/de\/wp-json\/wp\/v2\/pages\/1019","targetHints":{"allow":["GET"]}}],"collection":[{"href":"https:\/\/araminta-advisers.eu\/de\/wp-json\/wp\/v2\/pages"}],"about":[{"href":"https:\/\/araminta-advisers.eu\/de\/wp-json\/wp\/v2\/types\/page"}],"author":[{"embeddable":true,"href":"https:\/\/araminta-advisers.eu\/de\/wp-json\/wp\/v2\/users\/1"}],"replies":[{"embeddable":true,"href":"https:\/\/araminta-advisers.eu\/de\/wp-json\/wp\/v2\/comments?post=1019"}],"version-history":[{"count":10,"href":"https:\/\/araminta-advisers.eu\/de\/wp-json\/wp\/v2\/pages\/1019\/revisions"}],"predecessor-version":[{"id":1094,"href":"https:\/\/araminta-advisers.eu\/de\/wp-json\/wp\/v2\/pages\/1019\/revisions\/1094"}],"wp:attachment":[{"href":"https:\/\/araminta-advisers.eu\/de\/wp-json\/wp\/v2\/media?parent=1019"}],"curies":[{"name":"wp","href":"https:\/\/api.w.org\/{rel}","templated":true}]}}