{"id":1063,"date":"2025-06-21T14:52:49","date_gmt":"2025-06-21T14:52:49","guid":{"rendered":"https:\/\/araminta-advisers.eu\/araminta-solutions\/"},"modified":"2026-01-07T21:37:11","modified_gmt":"2026-01-07T21:37:11","slug":"araminta-solutions","status":"publish","type":"page","link":"https:\/\/araminta-advisers.eu\/de\/araminta-solutions\/","title":{"rendered":"Business mit Wirkung"},"content":{"rendered":"\n<h4 class=\"wp-block-heading\"><strong>Menschenrechtsexpertise f\u00fcr verantwortungsvolles Wirtschaften \u00b7 Strategische Philanthropie \u00b7 Digitale und Sicherheitsl\u00f6sungen f\u00fcr die Resilienz der Zivilgesellschaft<\/strong><\/h4>\n\n\n\n<p>Araminta Solutions ist unsere kommerzielle Tochtergesellschaft mit Sitz in Berlin. Unsere Beratungsarbeit ist vollst\u00e4ndig auf unsere Mission ausgerichtet: Jedes Projekt unterst\u00fctzt direkt unsere Menschenrechtsprogramme und st\u00e4rkt die Zivilgesellschaft in unserer elf L\u00e4nder umfassenden Zielregion.  <\/p>\n\n\n\n<h2 class=\"wp-block-heading\"><strong>Unser Angebot<\/strong><\/h2>\n\n\n\n<p>Wir unterst\u00fctzen Unternehmen, Stiftungen und internationale Organisationen dabei, sich in komplexen menschenrechtlichen Kontexten zurechtzufinden \u2013 mit unabh\u00e4ngigen Analysen, regionaler Expertise und einem bew\u00e4hrten Netzwerk vor Ort.<br><br>Unsere Arbeit f\u00fchrt zu klaren, umsetzbaren Empfehlungen und verantwortungsbewussten Entscheidungen. <\/p>\n\n\n\n<p><\/p>\n\n\n\n<div class=\"wp-block-group\"><div class=\"wp-block-group__inner-container is-layout-constrained wp-block-group-is-layout-constrained\">\n<div class=\"wp-block-columns is-layout-flex wp-container-core-columns-is-layout-9d6595d7 wp-block-columns-is-layout-flex\">\n<div class=\"wp-block-column is-layout-flow wp-block-column-is-layout-flow\">\n<div class=\"wp-block-columns is-layout-flex wp-container-core-columns-is-layout-9d6595d7 wp-block-columns-is-layout-flex\">\n<div class=\"wp-block-column is-layout-flow wp-block-column-is-layout-flow\">\n<figure class=\"wp-block-image size-large\"><img loading=\"lazy\" decoding=\"async\" width=\"1024\" height=\"683\" src=\"https:\/\/araminta-advisers.eu\/wp-content\/uploads\/2025\/12\/Regional-Human-Rights-Analysis-1024x683.png\" alt=\"\" class=\"wp-image-960\" srcset=\"https:\/\/araminta-advisers.eu\/wp-content\/uploads\/2025\/12\/Regional-Human-Rights-Analysis-1024x683.png 1024w, https:\/\/araminta-advisers.eu\/wp-content\/uploads\/2025\/12\/Regional-Human-Rights-Analysis-300x200.png 300w, https:\/\/araminta-advisers.eu\/wp-content\/uploads\/2025\/12\/Regional-Human-Rights-Analysis-768x512.png 768w, https:\/\/araminta-advisers.eu\/wp-content\/uploads\/2025\/12\/Regional-Human-Rights-Analysis.png 1536w\" sizes=\"auto, (max-width: 1024px) 100vw, 1024px\" \/><figcaption class=\"wp-element-caption\">Wir erstellen Risikobewertungen, Wirkungsanalysen und kontextbezogene Recherchen, um Eins\u00e4tze in politisch sensiblen oder risikobehafteten Regionen fundiert zu begleiten. Dabei analysieren wir Herausforderungen, identifizieren Handlungsbedarfe und beobachten neue Entwicklungen in unserer elf L\u00e4nder umfassenden Fokusregion.<\/figcaption><\/figure>\n<\/div>\n\n\n\n<div class=\"wp-block-column is-layout-flow wp-block-column-is-layout-flow\">\n<figure class=\"wp-block-image size-large\"><img loading=\"lazy\" decoding=\"async\" width=\"1024\" height=\"683\" src=\"https:\/\/araminta-advisers.eu\/wp-content\/uploads\/2025\/12\/Independent-Claims-Verification-1024x683.png\" alt=\"\" class=\"wp-image-963\" srcset=\"https:\/\/araminta-advisers.eu\/wp-content\/uploads\/2025\/12\/Independent-Claims-Verification-1024x683.png 1024w, https:\/\/araminta-advisers.eu\/wp-content\/uploads\/2025\/12\/Independent-Claims-Verification-300x200.png 300w, https:\/\/araminta-advisers.eu\/wp-content\/uploads\/2025\/12\/Independent-Claims-Verification-768x512.png 768w, https:\/\/araminta-advisers.eu\/wp-content\/uploads\/2025\/12\/Independent-Claims-Verification.png 1536w\" sizes=\"auto, (max-width: 1024px) 100vw, 1024px\" \/><figcaption class=\"wp-element-caption\">Wenn es zu Vorw\u00fcrfen in Ihrer Lieferkette kommt, \u00fcbernehmen wir die Untersuchung.<br>Unsere verifizierten lokalen Partner*innen erheben Beweise, f\u00fchren Stakeholder-Interviews und liefern objektive Ergebnisse mit konkreten Handlungsempfehlungen. <\/figcaption><\/figure>\n<\/div>\n\n\n\n<div class=\"wp-block-column is-layout-flow wp-block-column-is-layout-flow\">\n<figure class=\"wp-block-image size-large\"><img loading=\"lazy\" decoding=\"async\" width=\"1024\" height=\"683\" src=\"https:\/\/araminta-advisers.eu\/wp-content\/uploads\/2025\/12\/Strategic-Stakeholder-Engagement-1024x683.png\" alt=\"\" class=\"wp-image-975\" srcset=\"https:\/\/araminta-advisers.eu\/wp-content\/uploads\/2025\/12\/Strategic-Stakeholder-Engagement-1024x683.png 1024w, https:\/\/araminta-advisers.eu\/wp-content\/uploads\/2025\/12\/Strategic-Stakeholder-Engagement-300x200.png 300w, https:\/\/araminta-advisers.eu\/wp-content\/uploads\/2025\/12\/Strategic-Stakeholder-Engagement-768x512.png 768w, https:\/\/araminta-advisers.eu\/wp-content\/uploads\/2025\/12\/Strategic-Stakeholder-Engagement.png 1536w\" sizes=\"auto, (max-width: 1024px) 100vw, 1024px\" \/><figcaption class=\"wp-element-caption\">Wir erm\u00f6glichen einen konstruktiven Dialog zwischen Wirtschaft und Zivilgesellschaft.<br>Von moderierten Konsultationen bis hin zum Aufbau langfristiger Beziehungen begleiten wir Unternehmen dabei, vertrauensvolle und authentische Partnerschaften mit betroffenen Communities zu entwickeln. <\/figcaption><\/figure>\n<\/div>\n\n\n\n<div class=\"wp-block-column is-layout-flow wp-block-column-is-layout-flow\">\n<figure class=\"wp-block-image size-large\"><img loading=\"lazy\" decoding=\"async\" width=\"1024\" height=\"683\" src=\"https:\/\/araminta-advisers.eu\/wp-content\/uploads\/2025\/12\/Digital-Security-1024x683.png\" alt=\"\" class=\"wp-image-976\" srcset=\"https:\/\/araminta-advisers.eu\/wp-content\/uploads\/2025\/12\/Digital-Security-1024x683.png 1024w, https:\/\/araminta-advisers.eu\/wp-content\/uploads\/2025\/12\/Digital-Security-300x200.png 300w, https:\/\/araminta-advisers.eu\/wp-content\/uploads\/2025\/12\/Digital-Security-768x512.png 768w, https:\/\/araminta-advisers.eu\/wp-content\/uploads\/2025\/12\/Digital-Security.png 1536w\" sizes=\"auto, (max-width: 1024px) 100vw, 1024px\" \/><figcaption class=\"wp-element-caption\">Wir bieten ma\u00dfgeschneiderte Sicherheitsanalysen, entwickeln sichere Kommunikationsl\u00f6sungen und beraten zum strategischen Einsatz von KI \u2013 speziell f\u00fcr Organisationen in herausfordernden Kontexten.<br>Dank unserer regionalen Erfahrung kennen wir die konkreten Risiken und liefern passgenaue L\u00f6sungen.<\/figcaption><\/figure>\n<\/div>\n<\/div>\n<\/div>\n<\/div>\n\n\n\n<figure class=\"wp-block-image size-medium\"><a href=\"http:\/\/www.iris-platform.io\"><img loading=\"lazy\" decoding=\"async\" width=\"300\" height=\"212\" src=\"https:\/\/araminta-advisers.eu\/wp-content\/uploads\/2025\/11\/iris-logo-final-300x212.jpeg\" alt=\"\" class=\"wp-image-852\" srcset=\"https:\/\/araminta-advisers.eu\/wp-content\/uploads\/2025\/11\/iris-logo-final-300x212.jpeg 300w, https:\/\/araminta-advisers.eu\/wp-content\/uploads\/2025\/11\/iris-logo-final-1024x724.jpeg 1024w, https:\/\/araminta-advisers.eu\/wp-content\/uploads\/2025\/11\/iris-logo-final-768x543.jpeg 768w, https:\/\/araminta-advisers.eu\/wp-content\/uploads\/2025\/11\/iris-logo-final-1536x1086.jpeg 1536w, https:\/\/araminta-advisers.eu\/wp-content\/uploads\/2025\/11\/iris-logo-final.jpeg 1600w\" sizes=\"auto, (max-width: 300px) 100vw, 300px\" \/><\/a><figcaption class=\"wp-element-caption\">Die <a href=\"http:\/\/www.iris-platform.io\">Iris Platform<\/a> ver\u00e4ndert die Umsetzung menschenrechtlicher Unternehmensverantwortung grundlegend. Sie verbindet gef\u00e4hrdete Arbeitskr\u00e4fte mit sicheren, vertraulichen Meldekan\u00e4len und stellt gleichzeitig den Zugang zu verl\u00e4sslicher zivilgesellschaftlicher Unterst\u00fctzung vor Ort sicher.<br><br>Als innovativer Beschwerdemechanismus auf operativer Ebene erm\u00f6glicht Iris es Einzelpersonen und Gemeinschaften, Menschenrechtsverletzungen durch Unternehmen sicher zu melden. Gleichzeitig erhalten Unternehmen Zugang zu einem System, das Beschwerden in Echtzeit erfasst, unabh\u00e4ngig \u00fcberpr\u00fcft und wirksame Schritte zur Wiedergutmachung unterst\u00fctzt.<br><br>Im Gegensatz zu herk\u00f6mmlichen Compliance-Instrumenten schlie\u00dft Iris die L\u00fccke zwischen unternehmerischer Rechenschaftspflicht und dem tats\u00e4chlichen Schutz betroffener Gemeinschaften. Dar\u00fcber hinaus schafft die Plattform nachhaltige Finanzierungsmodelle f\u00fcr Menschenrechtsorganisationen und hilft Unternehmen, regulatorische Anforderungen wie die EU-Richtlinie \u00fcber unternehmerische Sorgfaltspflichten<br> (<a href=\"https:\/\/commission.europa.eu\/business-economy-euro\/doing-business-eu\/sustainability-due-diligence-responsible-business\/corporate-sustainability-due-diligence_en\" target=\"_blank\" rel=\"noreferrer noopener\">Corporate sustainability due diligence<\/a> &#8211; CSDDD) sowie weitere Vorgaben zur menschenrechtlichen Berichterstattung zuverl\u00e4ssig zu erf\u00fcllen.<\/figcaption><\/figure>\n\n\n\n<h2 class=\"wp-block-heading\">Unsere Expertise<\/h2>\n\n\n\n<p><strong>Unser Team \u2013 regional verwurzelt, international erfahren<\/strong> <\/p>\n\n\n\n<p>Unser Berliner Team besteht aus Expert*innen aus genau den Regionen, in denen wir t\u00e4tig sind. Sie bringen nicht nur fachliche Qualifikationen in internationalem Menschenrechtsschutz, strategischer Philanthropie und zivilgesellschaftlicher Entwicklung mit, sondern auch Sprachkenntnisse auf Muttersprachenniveau, tiefe kulturelle Vertrautheit und pers\u00f6nliche Erfahrung mit den Kontexten, die wir analysieren.<br>Diese Verbindung aus professioneller Expertise und gelebtem Wissen erm\u00f6glicht uns Perspektiven, die externen Berater*innen oft verborgen bleiben.  <\/p>\n\n\n\n<p>Unser Team arbeitet in Englisch, Russisch, Deutsch, Spanisch, Polnisch, Ungarisch, Rum\u00e4nisch und Armenisch.<\/p>\n\n\n\n<p><strong>Netzwerk regionaler ExpertInnen<\/strong><\/p>\n\n\n\n<p>Wir arbeiten mit verifizierten PartnerInnen in allen elf L\u00e4ndern, in denen wir aktiv sind \u2013 darunter angesehene JuristInnen mit Erfahrung in nationalen und internationalen Rechtsrahmen, investigative JournalistInnen, WissenschaftlerInnen sowie Fachleute f\u00fcr Wirtschaft und Menschenrechte.<br><br>Jede Expertin und jeder Experte in unserem Netzwerk wurde durch langj\u00e4hrige, vertrauensvolle Zusammenarbeit sorgf\u00e4ltig gepr\u00fcft.<\/p>\n\n\n\n<h2 class=\"wp-block-heading\">Was uns auszeichnet<\/h2>\n\n\n\n<p>Unsere kommerzielle Arbeit ist eng mit unserer <a href=\"https:\/\/araminta-advisers.eu\/de\/ueber-uns\/\" target=\"_blank\" rel=\"noreferrer noopener\">Menschenrechtsmission <\/a>verbunden. Das internationale Team von Araminta besteht aus erfahrenen F\u00f6rdermittelgeberInnen, ForscherInnen, JuristInnen f\u00fcr Menschenrechte, Digital- und SicherheitsexpertInnen, Coaches und PolitikberaterInnen. Wir verbinden fachliche Exzellenz mit ethischem Anspruch und praxisnaher Umsetzungsst\u00e4rke. Gleichzeitig verf\u00fcgen wir \u00fcber ein einzigartiges Netzwerk weltweit \u2013 mit ExpertInnen, die tief in lokalen Kontexten verankert und dem Schutz der Menschenrechte verpflichtet sind.Unsere regionale Expertise ist ebenso fundiert wie pers\u00f6nlich gepr\u00e4gt.<br>Und: 100\u202f% unserer Beratungserl\u00f6se flie\u00dfen zur\u00fcck in unsere <a href=\"https:\/\/araminta-advisers.eu\/de\/lass-uns-ueber-loesungen-sprechen\/\" target=\"_blank\" rel=\"noreferrer noopener\">Menschenrechtsarbeit<\/a>.    <\/p>\n\n\n\n<p>Wir arbeiten auf Basis flexibler Engagement-Modelle \u2013 von punktuellen Fachberatungen bis hin zu strategischen Langzeitpartnerschaften. Unsere Leistungen gestalten wir dabei ma\u00dfgeschneidert auf Ihre spezifischen Anforderungen.<\/p>\n\n\n\n<h2 class=\"wp-block-heading has-text-align-center\">Kunden<\/h2>\n\n\n\n<div class=\"wp-block-columns is-layout-flex wp-container-core-columns-is-layout-9d6595d7 wp-block-columns-is-layout-flex\">\n<div class=\"wp-block-column is-layout-flow wp-block-column-is-layout-flow\"><div class=\"wp-block-image\">\n<figure class=\"alignright size-full is-resized\"><a href=\"https:\/\/www.business-humanrights.org\/en\/\"><img loading=\"lazy\" decoding=\"async\" width=\"386\" height=\"90\" src=\"https:\/\/araminta-advisers.eu\/wp-content\/uploads\/2025\/07\/BHRRC.jpg\" alt=\"\" class=\"wp-image-690\" style=\"width:337px;height:auto\" srcset=\"https:\/\/araminta-advisers.eu\/wp-content\/uploads\/2025\/07\/BHRRC.jpg 386w, https:\/\/araminta-advisers.eu\/wp-content\/uploads\/2025\/07\/BHRRC-300x70.jpg 300w\" sizes=\"auto, (max-width: 386px) 100vw, 386px\" \/><\/a><\/figure>\n<\/div><\/div>\n\n\n\n<div class=\"wp-block-column is-layout-flow wp-block-column-is-layout-flow\"><div class=\"wp-block-image\">\n<figure class=\"aligncenter size-full is-resized\"><a href=\"https:\/\/commission.europa.eu\/index_en\"><img loading=\"lazy\" decoding=\"async\" width=\"303\" height=\"90\" src=\"https:\/\/araminta-advisers.eu\/wp-content\/uploads\/2025\/07\/European-Commission.jpg\" alt=\"\" class=\"wp-image-692\" style=\"width:269px;height:auto\" srcset=\"https:\/\/araminta-advisers.eu\/wp-content\/uploads\/2025\/07\/European-Commission.jpg 303w, https:\/\/araminta-advisers.eu\/wp-content\/uploads\/2025\/07\/European-Commission-300x89.jpg 300w\" sizes=\"auto, (max-width: 303px) 100vw, 303px\" \/><\/a><\/figure>\n<\/div><\/div>\n<\/div>\n\n\n\n<div style=\"height:40px\" aria-hidden=\"true\" class=\"wp-block-spacer\"><\/div>\n\n\n\n<div class=\"wp-block-buttons is-content-justification-center is-layout-flex wp-container-core-buttons-is-layout-16018d1d wp-block-buttons-is-layout-flex\">\n<div class=\"wp-block-button\"><a class=\"wp-block-button__link wp-element-button\" href=\"https:\/\/araminta-advisers.eu\/de\/melde-dich-bei-uns\/\">Wir sind interessiert<\/a><\/div>\n<\/div>\n<\/div><\/div>\n","protected":false},"excerpt":{"rendered":"<p>Menschenrechtsexpertise f\u00fcr verantwortungsvolles Wirtschaften \u00b7 Strategische Philanthropie \u00b7 Digitale und Sicherheitsl\u00f6sungen f\u00fcr die Resilienz der Zivilgesellschaft Araminta Solutions ist unsere&#8230;<\/p>\n<a href=\"https:\/\/araminta-advisers.eu\/de\/araminta-solutions\/\" class=\"btn btn-primary\">Read More<\/a>","protected":false},"author":1,"featured_media":0,"parent":0,"menu_order":0,"comment_status":"closed","ping_status":"closed","template":"","meta":{"footnotes":""},"class_list":["post-1063","page","type-page","status-publish","hentry"],"acf":[],"yoast_head":"<!-- This site is optimized with the Yoast SEO plugin v27.3 - https:\/\/yoast.com\/product\/yoast-seo-wordpress\/ -->\n<title>Business mit Wirkung - Araminta<\/title>\n<meta name=\"robots\" content=\"index, follow, max-snippet:-1, max-image-preview:large, max-video-preview:-1\" \/>\n<link rel=\"canonical\" href=\"https:\/\/araminta-advisers.eu\/de\/araminta-solutions\/\" \/>\n<meta property=\"og:locale\" content=\"de_DE\" \/>\n<meta property=\"og:type\" content=\"article\" \/>\n<meta property=\"og:title\" content=\"Business mit Wirkung - Araminta\" \/>\n<meta property=\"og:description\" content=\"Menschenrechtsexpertise f\u00fcr verantwortungsvolles Wirtschaften \u00b7 Strategische Philanthropie \u00b7 Digitale und Sicherheitsl\u00f6sungen f\u00fcr die Resilienz der Zivilgesellschaft Araminta Solutions ist unsere...\" \/>\n<meta property=\"og:url\" content=\"https:\/\/araminta-advisers.eu\/de\/araminta-solutions\/\" \/>\n<meta property=\"og:site_name\" content=\"Araminta\" \/>\n<meta property=\"article:modified_time\" content=\"2026-01-07T21:37:11+00:00\" \/>\n<meta property=\"og:image\" content=\"https:\/\/araminta-advisers.eu\/wp-content\/uploads\/2025\/12\/Regional-Human-Rights-Analysis.png\" \/>\n\t<meta property=\"og:image:width\" content=\"1536\" \/>\n\t<meta property=\"og:image:height\" content=\"1024\" \/>\n\t<meta property=\"og:image:type\" content=\"image\/png\" \/>\n<meta name=\"twitter:card\" content=\"summary_large_image\" \/>\n<meta name=\"twitter:label1\" content=\"Gesch\u00e4tzte Lesezeit\" \/>\n\t<meta name=\"twitter:data1\" content=\"5\u00a0Minuten\" \/>\n<script type=\"application\/ld+json\" class=\"yoast-schema-graph\">{\"@context\":\"https:\\\/\\\/schema.org\",\"@graph\":[{\"@type\":\"WebPage\",\"@id\":\"https:\\\/\\\/araminta-advisers.eu\\\/de\\\/araminta-solutions\\\/\",\"url\":\"https:\\\/\\\/araminta-advisers.eu\\\/de\\\/araminta-solutions\\\/\",\"name\":\"Business mit Wirkung - Araminta\",\"isPartOf\":{\"@id\":\"https:\\\/\\\/araminta-advisers.eu\\\/de\\\/#website\"},\"primaryImageOfPage\":{\"@id\":\"https:\\\/\\\/araminta-advisers.eu\\\/de\\\/araminta-solutions\\\/#primaryimage\"},\"image\":{\"@id\":\"https:\\\/\\\/araminta-advisers.eu\\\/de\\\/araminta-solutions\\\/#primaryimage\"},\"thumbnailUrl\":\"https:\\\/\\\/araminta-advisers.eu\\\/wp-content\\\/uploads\\\/2025\\\/12\\\/Regional-Human-Rights-Analysis-1024x683.png\",\"datePublished\":\"2025-06-21T14:52:49+00:00\",\"dateModified\":\"2026-01-07T21:37:11+00:00\",\"breadcrumb\":{\"@id\":\"https:\\\/\\\/araminta-advisers.eu\\\/de\\\/araminta-solutions\\\/#breadcrumb\"},\"inLanguage\":\"de\",\"potentialAction\":[{\"@type\":\"ReadAction\",\"target\":[\"https:\\\/\\\/araminta-advisers.eu\\\/de\\\/araminta-solutions\\\/\"]}]},{\"@type\":\"ImageObject\",\"inLanguage\":\"de\",\"@id\":\"https:\\\/\\\/araminta-advisers.eu\\\/de\\\/araminta-solutions\\\/#primaryimage\",\"url\":\"https:\\\/\\\/araminta-advisers.eu\\\/wp-content\\\/uploads\\\/2025\\\/12\\\/Regional-Human-Rights-Analysis-1024x683.png\",\"contentUrl\":\"https:\\\/\\\/araminta-advisers.eu\\\/wp-content\\\/uploads\\\/2025\\\/12\\\/Regional-Human-Rights-Analysis-1024x683.png\"},{\"@type\":\"BreadcrumbList\",\"@id\":\"https:\\\/\\\/araminta-advisers.eu\\\/de\\\/araminta-solutions\\\/#breadcrumb\",\"itemListElement\":[{\"@type\":\"ListItem\",\"position\":1,\"name\":\"Home\",\"item\":\"https:\\\/\\\/araminta-advisers.eu\\\/de\\\/\"},{\"@type\":\"ListItem\",\"position\":2,\"name\":\"Business mit Wirkung\"}]},{\"@type\":\"WebSite\",\"@id\":\"https:\\\/\\\/araminta-advisers.eu\\\/de\\\/#website\",\"url\":\"https:\\\/\\\/araminta-advisers.eu\\\/de\\\/\",\"name\":\"Araminta\",\"description\":\"\",\"publisher\":{\"@id\":\"https:\\\/\\\/araminta-advisers.eu\\\/de\\\/#organization\"},\"potentialAction\":[{\"@type\":\"SearchAction\",\"target\":{\"@type\":\"EntryPoint\",\"urlTemplate\":\"https:\\\/\\\/araminta-advisers.eu\\\/de\\\/?s={search_term_string}\"},\"query-input\":{\"@type\":\"PropertyValueSpecification\",\"valueRequired\":true,\"valueName\":\"search_term_string\"}}],\"inLanguage\":\"de\"},{\"@type\":\"Organization\",\"@id\":\"https:\\\/\\\/araminta-advisers.eu\\\/de\\\/#organization\",\"name\":\"Araminta\",\"url\":\"https:\\\/\\\/araminta-advisers.eu\\\/de\\\/\",\"logo\":{\"@type\":\"ImageObject\",\"inLanguage\":\"de\",\"@id\":\"https:\\\/\\\/araminta-advisers.eu\\\/de\\\/#\\\/schema\\\/logo\\\/image\\\/\",\"url\":\"https:\\\/\\\/araminta-advisers.eu\\\/wp-content\\\/uploads\\\/2025\\\/04\\\/araminta-logo-green.png\",\"contentUrl\":\"https:\\\/\\\/araminta-advisers.eu\\\/wp-content\\\/uploads\\\/2025\\\/04\\\/araminta-logo-green.png\",\"width\":1171,\"height\":283,\"caption\":\"Araminta\"},\"image\":{\"@id\":\"https:\\\/\\\/araminta-advisers.eu\\\/de\\\/#\\\/schema\\\/logo\\\/image\\\/\"}}]}<\/script>\n<!-- \/ Yoast SEO plugin. -->","yoast_head_json":{"title":"Business mit Wirkung - Araminta","robots":{"index":"index","follow":"follow","max-snippet":"max-snippet:-1","max-image-preview":"max-image-preview:large","max-video-preview":"max-video-preview:-1"},"canonical":"https:\/\/araminta-advisers.eu\/de\/araminta-solutions\/","og_locale":"de_DE","og_type":"article","og_title":"Business mit Wirkung - Araminta","og_description":"Menschenrechtsexpertise f\u00fcr verantwortungsvolles Wirtschaften \u00b7 Strategische Philanthropie \u00b7 Digitale und Sicherheitsl\u00f6sungen f\u00fcr die Resilienz der Zivilgesellschaft Araminta Solutions ist unsere...","og_url":"https:\/\/araminta-advisers.eu\/de\/araminta-solutions\/","og_site_name":"Araminta","article_modified_time":"2026-01-07T21:37:11+00:00","og_image":[{"width":1536,"height":1024,"url":"https:\/\/araminta-advisers.eu\/wp-content\/uploads\/2025\/12\/Regional-Human-Rights-Analysis.png","type":"image\/png"}],"twitter_card":"summary_large_image","twitter_misc":{"Gesch\u00e4tzte Lesezeit":"5\u00a0Minuten"},"schema":{"@context":"https:\/\/schema.org","@graph":[{"@type":"WebPage","@id":"https:\/\/araminta-advisers.eu\/de\/araminta-solutions\/","url":"https:\/\/araminta-advisers.eu\/de\/araminta-solutions\/","name":"Business mit Wirkung - Araminta","isPartOf":{"@id":"https:\/\/araminta-advisers.eu\/de\/#website"},"primaryImageOfPage":{"@id":"https:\/\/araminta-advisers.eu\/de\/araminta-solutions\/#primaryimage"},"image":{"@id":"https:\/\/araminta-advisers.eu\/de\/araminta-solutions\/#primaryimage"},"thumbnailUrl":"https:\/\/araminta-advisers.eu\/wp-content\/uploads\/2025\/12\/Regional-Human-Rights-Analysis-1024x683.png","datePublished":"2025-06-21T14:52:49+00:00","dateModified":"2026-01-07T21:37:11+00:00","breadcrumb":{"@id":"https:\/\/araminta-advisers.eu\/de\/araminta-solutions\/#breadcrumb"},"inLanguage":"de","potentialAction":[{"@type":"ReadAction","target":["https:\/\/araminta-advisers.eu\/de\/araminta-solutions\/"]}]},{"@type":"ImageObject","inLanguage":"de","@id":"https:\/\/araminta-advisers.eu\/de\/araminta-solutions\/#primaryimage","url":"https:\/\/araminta-advisers.eu\/wp-content\/uploads\/2025\/12\/Regional-Human-Rights-Analysis-1024x683.png","contentUrl":"https:\/\/araminta-advisers.eu\/wp-content\/uploads\/2025\/12\/Regional-Human-Rights-Analysis-1024x683.png"},{"@type":"BreadcrumbList","@id":"https:\/\/araminta-advisers.eu\/de\/araminta-solutions\/#breadcrumb","itemListElement":[{"@type":"ListItem","position":1,"name":"Home","item":"https:\/\/araminta-advisers.eu\/de\/"},{"@type":"ListItem","position":2,"name":"Business mit Wirkung"}]},{"@type":"WebSite","@id":"https:\/\/araminta-advisers.eu\/de\/#website","url":"https:\/\/araminta-advisers.eu\/de\/","name":"Araminta","description":"","publisher":{"@id":"https:\/\/araminta-advisers.eu\/de\/#organization"},"potentialAction":[{"@type":"SearchAction","target":{"@type":"EntryPoint","urlTemplate":"https:\/\/araminta-advisers.eu\/de\/?s={search_term_string}"},"query-input":{"@type":"PropertyValueSpecification","valueRequired":true,"valueName":"search_term_string"}}],"inLanguage":"de"},{"@type":"Organization","@id":"https:\/\/araminta-advisers.eu\/de\/#organization","name":"Araminta","url":"https:\/\/araminta-advisers.eu\/de\/","logo":{"@type":"ImageObject","inLanguage":"de","@id":"https:\/\/araminta-advisers.eu\/de\/#\/schema\/logo\/image\/","url":"https:\/\/araminta-advisers.eu\/wp-content\/uploads\/2025\/04\/araminta-logo-green.png","contentUrl":"https:\/\/araminta-advisers.eu\/wp-content\/uploads\/2025\/04\/araminta-logo-green.png","width":1171,"height":283,"caption":"Araminta"},"image":{"@id":"https:\/\/araminta-advisers.eu\/de\/#\/schema\/logo\/image\/"}}]}},"_links":{"self":[{"href":"https:\/\/araminta-advisers.eu\/de\/wp-json\/wp\/v2\/pages\/1063","targetHints":{"allow":["GET"]}}],"collection":[{"href":"https:\/\/araminta-advisers.eu\/de\/wp-json\/wp\/v2\/pages"}],"about":[{"href":"https:\/\/araminta-advisers.eu\/de\/wp-json\/wp\/v2\/types\/page"}],"author":[{"embeddable":true,"href":"https:\/\/araminta-advisers.eu\/de\/wp-json\/wp\/v2\/users\/1"}],"replies":[{"embeddable":true,"href":"https:\/\/araminta-advisers.eu\/de\/wp-json\/wp\/v2\/comments?post=1063"}],"version-history":[{"count":5,"href":"https:\/\/araminta-advisers.eu\/de\/wp-json\/wp\/v2\/pages\/1063\/revisions"}],"predecessor-version":[{"id":1326,"href":"https:\/\/araminta-advisers.eu\/de\/wp-json\/wp\/v2\/pages\/1063\/revisions\/1326"}],"wp:attachment":[{"href":"https:\/\/araminta-advisers.eu\/de\/wp-json\/wp\/v2\/media?parent=1063"}],"curies":[{"name":"wp","href":"https:\/\/api.w.org\/{rel}","templated":true}]}}